{"id":311,"date":"2019-12-29T18:38:05","date_gmt":"2019-12-29T18:38:05","guid":{"rendered":"https:\/\/grossetulln.at\/?page_id=311"},"modified":"2026-03-09T06:30:07","modified_gmt":"2026-03-09T06:30:07","slug":"regulativ","status":"publish","type":"page","link":"https:\/\/grossetulln.at\/index.php\/regulativ\/","title":{"rendered":"Regulativ Jahreslizenz"},"content":{"rendered":"\n<p><strong>Fischtage.<\/strong> An 4 Tagen pro Woche (Montag bis Sonntag). Mit Beginn des Fischens ist das Datum in die Fangstatistik einzutragen. Pro Fischtag d\u00fcrfen maximal zwei Fische entnommen werden, Jeder gefangene Fisch, der entnommen wird, muss gemessen werden. Das Ma\u00df und die Art m\u00fcssen sofort mit Kugelschreiber in die Fangstatistik eingetragen werden. Nach zwei gefangenen und get\u00f6teten Fischen ist das Angeln f\u00fcr diesen Tag zu beenden.<\/p>\n\n\n\n<p><strong>Schonzeiten.<\/strong> Es gelten die gesetzlichen Schonzeiten laut Verordnung des Landesfischereiverbandes Nieder\u00f6sterreich.<\/p>\n\n\n\n<p><strong>Ganzj\u00e4hrige Schonung:<\/strong> <strong>Bachforelle, \u00c4sche<\/strong> und <strong>Huchen<\/strong> sowie alle gesetzlich ganzj\u00e4hrig geschonten Fische d\u00fcrfen nicht entnommen werden. Wir weisen gesondert darauf hin, dass der Schneider bei uns zwar in Schw\u00e4rmen vorkommt, aber gesetzlich ganzj\u00e4hrig geschont ist.<\/p>\n\n\n\n<p><strong>Brittelma\u00dfe.<\/strong> Regenbogenforelle 30 cm. Barbe, Nase 40 cm. F\u00fcr alle anderen Fische gelten die gesetzlichen Brittelma\u00dfe f\u00fcr Nieder\u00f6sterreich. Ein Ma\u00dfband ist mitzuf\u00fchren.<\/p>\n\n\n\n<p><strong>Zwischenbrittelma\u00df Bachforelle:<\/strong> Zum Schutz der heimischen Bachforelle (Wienerwaldforelle) wird ein Entnahmefenster eingef\u00fchrt. Fische d\u00fcrfen ab einer L\u00e4nge von 30 Zentimetern bis zu einer L\u00e4nge von maximal 40 Zentimetern entnommen werden.<\/p>\n\n\n\n<p><strong>In der Saison 2026 ist die Bachforelle vor\u00fcbergehend ganzj\u00e4hrig geschont!<\/strong><\/p>\n\n\n\n<p><strong>Fangbeschr\u00e4nkung.<\/strong> Maximal zwei Fische pro Tag. Nach 4 Fischtagen maximal 6 entnommene Fische. Pro Fischtag maximal 1 Barbe. Pro Fischtag maximal 1 Nase. Pro Fischtag max. 1 Hecht. K\u00f6derfische nach Absprache.<\/p>\n\n\n\n<p><strong>Fangzeiten. <\/strong>Von Sonnenaufgang bis eine Stunde nach Sonnenuntergang. Nachtfischen ist verboten.<\/p>\n\n\n\n<p>F<strong>angger\u00e4te.<\/strong> Pro Angler eine Rute. Das Fischen ist nur mit Einzelhaken erlaubt. Gefangene Fische sind mittels Kescher dem Wasser zu entnehmen. Das Aufbewahren lebender Fische im Setzkescher ist verboten. <\/p>\n\n\n\n<p><strong>K\u00f6der.<\/strong> S\u00e4mtliche K\u00f6der au\u00dfer Wurm und Made. Im unteren Revierteil zwischen Siegersdorf und Plankenberg ist das Angeln mit W\u00fcrmern und Maden auf die Zielfische Barsch und Nase erlaubt.<\/p>\n\n\n\n<p><strong>Fischereisaison. <\/strong><\/p>\n\n\n\n<p>16. 3. bis 31. 8. Von Laaben (Glash\u00fctte) bis Plankenberg (Br\u00fccke) <\/p>\n\n\n\n<p>1. 9. bis 30. 11. Von Grabensee (Br\u00fccke) Bis Plankenberg (Br\u00fccke)<\/p>\n\n\n\n<p>25. 12. bis 6.1. Von Asperhofen (Fu\u00dfg\u00e4ngerbr\u00fccke Sportplatzwehr) bis Plankenberg (Br\u00fccke) &#8211; Aljahresangeln.<\/p>\n\n\n\n<p>In der Zeit von 1. 9. bis 30. 11. sowie beim Altjahresfischen ist das Angeln nur vom Ufer aus erlaubt. <\/p>\n\n\n\n<p>Unterma\u00dfige Fische und Fische in der Schonzeit sind schonend zur\u00fcckzusetzen. Verangelte Fische sind sofort zu t\u00f6ten und z\u00e4hlen zur Fangstatistik. S\u00e4mtliche Fische d\u00fcrfen nur get\u00f6tet vom Bach mitgenommen werden.<\/p>\n\n\n\n<p>Ver\u00e4u\u00dfern oder Tauschen der gefangenen Fische ist verboten.<\/p>\n\n\n\n<p>Sperrgebiete werden bei der Fischereiversammlung bekannt gegeben. Zus\u00e4tzlich werden sie mit Tafeln am Bachufer gekennzeichnet. Das Fischen mit Wathose ist von 1. 4. bis 31. 8. erlaubt. Die Lizenznehmer sind verpflichtet, Verschmutzungen an Ufern oder im Wasser den Aufsehern zu melden. <\/p>\n\n\n\n<p>Nur der Lizenznehmer selbst darf das Fischwaid aus\u00fcben. Verst\u00f6\u00dfe gegen das Regulativ ziehen den Entzug der Lizenz nach sich, ohne R\u00fcckerstattung des Lizenzpreises.<\/p>\n\n\n\n<p>Der Fischereiaus\u00fcbungsberechtigte leistet keine Gew\u00e4hr f\u00fcr das Fangergebnis sowie den Wasserstand beziehungsweise die Wasserqualit\u00e4t. <\/p>\n\n\n\n<p>Die Fangstatistik ist bis sp\u00e4testens 15. 1. beim Fischereiaus\u00fcbungsberechtigten abzugeben.<\/p>\n\n\n\n<p><\/p>\n","protected":false},"excerpt":{"rendered":"<p>Fischtage. An 4 Tagen pro Woche (Montag bis Sonntag). Mit Beginn des Fischens ist das Datum in die Fangstatistik einzutragen. Pro Fischtag d\u00fcrfen maximal zwei Fische entnommen werden, Jeder gefangene Fisch, der entnommen wird, muss gemessen werden. Das Ma\u00df und die Art m\u00fcssen sofort mit Kugelschreiber in die Fangstatistik eingetragen werden. Nach zwei gefangenen und [&hellip;]<\/p>\n","protected":false},"author":1,"featured_media":0,"parent":0,"menu_order":0,"comment_status":"closed","ping_status":"closed","template":"","meta":{"footnotes":""},"class_list":["post-311","page","type-page","status-publish","hentry"],"_links":{"self":[{"href":"https:\/\/grossetulln.at\/index.php\/wp-json\/wp\/v2\/pages\/311","targetHints":{"allow":["GET"]}}],"collection":[{"href":"https:\/\/grossetulln.at\/index.php\/wp-json\/wp\/v2\/pages"}],"about":[{"href":"https:\/\/grossetulln.at\/index.php\/wp-json\/wp\/v2\/types\/page"}],"author":[{"embeddable":true,"href":"https:\/\/grossetulln.at\/index.php\/wp-json\/wp\/v2\/users\/1"}],"replies":[{"embeddable":true,"href":"https:\/\/grossetulln.at\/index.php\/wp-json\/wp\/v2\/comments?post=311"}],"version-history":[{"count":10,"href":"https:\/\/grossetulln.at\/index.php\/wp-json\/wp\/v2\/pages\/311\/revisions"}],"predecessor-version":[{"id":816,"href":"https:\/\/grossetulln.at\/index.php\/wp-json\/wp\/v2\/pages\/311\/revisions\/816"}],"wp:attachment":[{"href":"https:\/\/grossetulln.at\/index.php\/wp-json\/wp\/v2\/media?parent=311"}],"curies":[{"name":"wp","href":"https:\/\/api.w.org\/{rel}","templated":true}]}}