{"id":317,"date":"2019-12-29T18:50:25","date_gmt":"2019-12-29T18:50:25","guid":{"rendered":"https:\/\/grossetulln.at\/?page_id=317"},"modified":"2026-03-02T16:16:47","modified_gmt":"2026-03-02T16:16:47","slug":"lizenzen","status":"publish","type":"page","link":"https:\/\/grossetulln.at\/index.php\/lizenzen\/","title":{"rendered":"Lizenzen"},"content":{"rendered":"<div class=\"wp-block-image\">\n<figure class=\"aligncenter size-large\"><img loading=\"lazy\" decoding=\"async\" width=\"1024\" height=\"683\" src=\"https:\/\/grossetulln.at\/wp-content\/uploads\/2019\/12\/DSC00306-1024x683.jpg\" alt=\"\" class=\"wp-image-174\" srcset=\"https:\/\/grossetulln.at\/wp-content\/uploads\/2019\/12\/DSC00306-1024x683.jpg 1024w, https:\/\/grossetulln.at\/wp-content\/uploads\/2019\/12\/DSC00306-300x200.jpg 300w, https:\/\/grossetulln.at\/wp-content\/uploads\/2019\/12\/DSC00306-768x512.jpg 768w, https:\/\/grossetulln.at\/wp-content\/uploads\/2019\/12\/DSC00306.jpg 1500w\" sizes=\"auto, (max-width: 1024px) 100vw, 1024px\" \/><figcaption class=\"wp-element-caption\"><em>Fr\u00fchjahr im unteren Revierteil: Angler mit Beute<\/em><\/figcaption><\/figure>\n<\/div>\n\n\n<p>Derzeit sind noch Jahreslizenzen f\u00fcr 2026 erh\u00e4ltlich.<\/p>\n\n\n\n<p>Preis der Jahreslizenz 2026: 600 Euro<\/p>\n\n\n\n<p>F\u00fcr bestehende Lizenznehmer einer Voll-Lizenz gilt ein ausnahmsweiser Rabatt von 50%!<\/p>\n\n\n\n<p>Jugendlizenz (bis 16): 300 Euro<\/p>\n\n\n\n<p>Preis der Tageslizenz 2020: 60 Euro<\/p>\n\n\n\n<p>Die Fischereisaison ist von 16. M\u00e4rz bis 30. November. <\/p>\n\n\n\n<p><strong>Altjahresfischen:<\/strong> Von 25. 12 bis 6. 1. ist der unterste Revierabschnitt von Plankenberg bis Asperhofen Sportplatzwehr zum Altjahresangeln ge\u00f6ffnet.<\/p>\n\n\n\n<p><strong>Schonzeit Bachforelle.<\/strong> Zwischen 1. September und 30. November ist das Fischen nur unterhalb der Br\u00fccke in Grabensee bis zur Br\u00fccke in Plankenberg gestattet, um das Laichspiel der Bachforelle nicht zu st\u00f6ren. Das Fischen ist in dieser Zeit nur vom Ufer aus gestattet.<\/p>\n\n\n\n<p>Informationen zu Lizenzen, sowie zum Revier oder gef\u00fchrte Touren auf Anfrage unter: <a href=\"mailto:o.hicker@kabsi.at\">o.hicker@kabsi.at<\/a><\/p>\n\n\n\n<p><\/p>\n","protected":false},"excerpt":{"rendered":"<p>Derzeit sind noch Jahreslizenzen f\u00fcr 2026 erh\u00e4ltlich. Preis der Jahreslizenz 2026: 600 Euro F\u00fcr bestehende Lizenznehmer einer Voll-Lizenz gilt ein ausnahmsweiser Rabatt von 50%! Jugendlizenz (bis 16): 300 Euro Preis der Tageslizenz 2020: 60 Euro Die Fischereisaison ist von 16. M\u00e4rz bis 30. November. Altjahresfischen: Von 25. 12 bis 6. 1. ist der unterste Revierabschnitt [&hellip;]<\/p>\n","protected":false},"author":1,"featured_media":0,"parent":0,"menu_order":0,"comment_status":"closed","ping_status":"closed","template":"","meta":{"footnotes":""},"class_list":["post-317","page","type-page","status-publish","hentry"],"_links":{"self":[{"href":"https:\/\/grossetulln.at\/index.php\/wp-json\/wp\/v2\/pages\/317","targetHints":{"allow":["GET"]}}],"collection":[{"href":"https:\/\/grossetulln.at\/index.php\/wp-json\/wp\/v2\/pages"}],"about":[{"href":"https:\/\/grossetulln.at\/index.php\/wp-json\/wp\/v2\/types\/page"}],"author":[{"embeddable":true,"href":"https:\/\/grossetulln.at\/index.php\/wp-json\/wp\/v2\/users\/1"}],"replies":[{"embeddable":true,"href":"https:\/\/grossetulln.at\/index.php\/wp-json\/wp\/v2\/comments?post=317"}],"version-history":[{"count":14,"href":"https:\/\/grossetulln.at\/index.php\/wp-json\/wp\/v2\/pages\/317\/revisions"}],"predecessor-version":[{"id":808,"href":"https:\/\/grossetulln.at\/index.php\/wp-json\/wp\/v2\/pages\/317\/revisions\/808"}],"wp:attachment":[{"href":"https:\/\/grossetulln.at\/index.php\/wp-json\/wp\/v2\/media?parent=317"}],"curies":[{"name":"wp","href":"https:\/\/api.w.org\/{rel}","templated":true}]}}