{"id":50,"date":"2019-12-27T19:43:26","date_gmt":"2019-12-27T19:43:26","guid":{"rendered":"https:\/\/grossetulln.at\/?page_id=50"},"modified":"2023-03-13T14:00:50","modified_gmt":"2023-03-13T14:00:50","slug":"ueber-uns","status":"publish","type":"page","link":"https:\/\/grossetulln.at\/index.php\/ueber-uns\/","title":{"rendered":"Fische und Besatz"},"content":{"rendered":"\n<p><strong>300 Kilo ma\u00dfiger Forellen pro Jahr sorgen f\u00fcr gute Entnahmeergebnisse. Feinspitze stellen aber auch listigeren Fischen nach, etwa der heiklen und seltenen \u201eNase&#8220;. <\/strong><\/p>\n\n\n\n<figure class=\"wp-block-image size-large\"><img loading=\"lazy\" decoding=\"async\" width=\"1024\" height=\"682\" src=\"https:\/\/grossetulln.at\/wp-content\/uploads\/2019\/12\/DSC00285-1024x682.jpg\" alt=\"\" class=\"wp-image-300\" srcset=\"https:\/\/grossetulln.at\/wp-content\/uploads\/2019\/12\/DSC00285-1024x682.jpg 1024w, https:\/\/grossetulln.at\/wp-content\/uploads\/2019\/12\/DSC00285-300x200.jpg 300w, https:\/\/grossetulln.at\/wp-content\/uploads\/2019\/12\/DSC00285-768x512.jpg 768w, https:\/\/grossetulln.at\/wp-content\/uploads\/2019\/12\/DSC00285-1536x1024.jpg 1536w, https:\/\/grossetulln.at\/wp-content\/uploads\/2019\/12\/DSC00285.jpg 2000w\" sizes=\"auto, (max-width: 1024px) 100vw, 1024px\" \/><figcaption class=\"wp-element-caption\"><em>Zwei Nasen auf Erkundung: Seit 2019 ziehen Schw\u00e4rme zum Laichen ins Revier<\/em><\/figcaption><\/figure>\n\n\n\n<p>2019 ist f\u00fcr die Gro\u00dfe Tulln ein neues Zeitalter angebrochen. Durch die Entfernung zweier Wehranlagen im Unterlauf ist der untere Revierabschnitt bis Siegersdorf nun f\u00fcr Donaufische frei passierbar. Mit durchschlagendem Erfolg. Bereits wenige Wochen nach dem Abriss zogen Schw\u00e4rme an Nasen und Barben zum Laichen ins Revier. <\/p>\n\n\n\n<figure class=\"wp-block-image size-large\"><img loading=\"lazy\" decoding=\"async\" width=\"1024\" height=\"768\" src=\"https:\/\/grossetulln.at\/wp-content\/uploads\/2019\/12\/Photo0682-1-1024x768.jpg\" alt=\"\" class=\"wp-image-232\" srcset=\"https:\/\/grossetulln.at\/wp-content\/uploads\/2019\/12\/Photo0682-1-1024x768.jpg 1024w, https:\/\/grossetulln.at\/wp-content\/uploads\/2019\/12\/Photo0682-1-300x225.jpg 300w, https:\/\/grossetulln.at\/wp-content\/uploads\/2019\/12\/Photo0682-1-768x576.jpg 768w, https:\/\/grossetulln.at\/wp-content\/uploads\/2019\/12\/Photo0682-1-1536x1152.jpg 1536w, https:\/\/grossetulln.at\/wp-content\/uploads\/2019\/12\/Photo0682-1.jpg 1600w\" sizes=\"auto, (max-width: 1024px) 100vw, 1024px\" \/><figcaption class=\"wp-element-caption\"><em>Willkommene Abwechslung: Barsche wandern aus der Donau zu.<\/em><\/figcaption><\/figure>\n\n\n\n<p><strong>300 Kilo Forellenbesatz und nat\u00fcrliche Aufzucht.<\/strong> Um den Lizenznehmern eine angemessene Entnahme zu gew\u00e4hrleisten, werden derzeit j\u00e4hrlich 300 Kilo Forellen ausgesetzt. Diese Ma\u00dfnahme bezieht sich auf den Flussabschnitt zwischen Siegersdorf und Innermanzing. <\/p>\n\n\n\n<figure class=\"wp-block-image size-large\"><img loading=\"lazy\" decoding=\"async\" width=\"1024\" height=\"768\" src=\"https:\/\/grossetulln.at\/wp-content\/uploads\/2019\/12\/IMG_20180602_092150-1024x768.jpg\" alt=\"\" class=\"wp-image-411\" srcset=\"https:\/\/grossetulln.at\/wp-content\/uploads\/2019\/12\/IMG_20180602_092150-1024x768.jpg 1024w, https:\/\/grossetulln.at\/wp-content\/uploads\/2019\/12\/IMG_20180602_092150-300x225.jpg 300w, https:\/\/grossetulln.at\/wp-content\/uploads\/2019\/12\/IMG_20180602_092150-768x576.jpg 768w, https:\/\/grossetulln.at\/wp-content\/uploads\/2019\/12\/IMG_20180602_092150-1536x1152.jpg 1536w, https:\/\/grossetulln.at\/wp-content\/uploads\/2019\/12\/IMG_20180602_092150.jpg 2000w\" sizes=\"auto, (max-width: 1024px) 100vw, 1024px\" \/><figcaption class=\"wp-element-caption\"><em>Fang eines Tageslizenznehmers. Zwei Besatzforellen im Unterschied zur heimischen \u201eWienerwald- Forelle&#8220; (unten). <\/em><\/figcaption><\/figure>\n\n\n\n<p>Der Oberlauf sowie s\u00e4mtliche Zubringer werden nicht besetzt oder befischt, sie sind Aufzuchtgebiet der heimischen Bachforelle, die sich bestens an die Bedingungen im Revier angepasst hat. <\/p>\n\n\n\n<figure class=\"wp-block-image size-large\"><img loading=\"lazy\" decoding=\"async\" width=\"1024\" height=\"768\" src=\"https:\/\/grossetulln.at\/wp-content\/uploads\/2019\/12\/Photo0182-1-1024x768.jpg\" alt=\"\" class=\"wp-image-221\" srcset=\"https:\/\/grossetulln.at\/wp-content\/uploads\/2019\/12\/Photo0182-1-1024x768.jpg 1024w, https:\/\/grossetulln.at\/wp-content\/uploads\/2019\/12\/Photo0182-1-300x225.jpg 300w, https:\/\/grossetulln.at\/wp-content\/uploads\/2019\/12\/Photo0182-1-768x576.jpg 768w, https:\/\/grossetulln.at\/wp-content\/uploads\/2019\/12\/Photo0182-1-1536x1152.jpg 1536w, https:\/\/grossetulln.at\/wp-content\/uploads\/2019\/12\/Photo0182-1.jpg 1600w\" sizes=\"auto, (max-width: 1024px) 100vw, 1024px\" \/><figcaption class=\"wp-element-caption\"><em>Ein kapitaler Fang: Die heimische Bachforelle wurde wieder schonend r\u00fcckgesetzt.<\/em><\/figcaption><\/figure>\n\n\n\n<p><strong>Ein Revier &#8211; alle Angelm\u00f6glichkeiten.<\/strong> Gemeinsam mit den zugewanderten Donaufischen wie Hecht, Barsch und Barbe im Unterlauf ergibt sich insgesamt die M\u00f6glichkeit auf den 22 befischbaren Kilometern alle Angelarten, vom Fliegenfischen \u00fcber Spinnfischen, Stoppelfischen und Grundfischen auszu\u00fcben. <\/p>\n\n\n\n<figure class=\"wp-block-image size-large\"><img loading=\"lazy\" decoding=\"async\" width=\"1024\" height=\"768\" src=\"https:\/\/grossetulln.at\/wp-content\/uploads\/2019\/12\/Photo0112-1024x768.jpg\" alt=\"\" class=\"wp-image-255\" srcset=\"https:\/\/grossetulln.at\/wp-content\/uploads\/2019\/12\/Photo0112-1024x768.jpg 1024w, https:\/\/grossetulln.at\/wp-content\/uploads\/2019\/12\/Photo0112-300x225.jpg 300w, https:\/\/grossetulln.at\/wp-content\/uploads\/2019\/12\/Photo0112-768x576.jpg 768w, https:\/\/grossetulln.at\/wp-content\/uploads\/2019\/12\/Photo0112-1536x1152.jpg 1536w, https:\/\/grossetulln.at\/wp-content\/uploads\/2019\/12\/Photo0112.jpg 1600w\" sizes=\"auto, (max-width: 1024px) 100vw, 1024px\" \/><figcaption class=\"wp-element-caption\"><em>Ein untersch\u00e4tztes Vergn\u00fcgen: Stoppelfischen auf kapitale D\u00f6bel.<\/em><\/figcaption><\/figure>\n\n\n\n<p>Insgesamt sind im gesamten Revier samt Zubringern von Laaben bis Plankenberg <strong>22 Fischarten<\/strong> nachgewiesen. Diese sind:<\/p>\n\n\n\n<ul class=\"wp-block-list\">\n<li>Aitel<\/li>\n\n\n\n<li>Bachforelle<\/li>\n\n\n\n<li>Regenbogenforelle<\/li>\n\n\n\n<li>Nase<\/li>\n\n\n\n<li>Russnase<\/li>\n\n\n\n<li>Barbe<\/li>\n\n\n\n<li>Hecht<\/li>\n\n\n\n<li>Flussbarsch<\/li>\n\n\n\n<li>Schied<\/li>\n\n\n\n<li>Koppe<\/li>\n\n\n\n<li>Gr\u00fcndling<\/li>\n\n\n\n<li>Wei\u00dfflossengr\u00fcndling<\/li>\n\n\n\n<li>Bitterling<\/li>\n\n\n\n<li>Schmerle<\/li>\n\n\n\n<li>Schneider<\/li>\n\n\n\n<li>Moderlieschen<\/li>\n\n\n\n<li>Laube<\/li>\n\n\n\n<li>Schwarzmundgrundel<\/li>\n\n\n\n<li>Elritze<\/li>\n\n\n\n<li>Rotauge<\/li>\n\n\n\n<li>\u00c4sche (2022)<\/li>\n\n\n\n<li>Stichling<\/li>\n<\/ul>\n\n\n\n<figure class=\"wp-block-image size-large\"><img loading=\"lazy\" decoding=\"async\" width=\"1024\" height=\"768\" src=\"https:\/\/grossetulln.at\/wp-content\/uploads\/2019\/12\/IMG_20190510_184332-1024x768.jpg\" alt=\"\" class=\"wp-image-261\" srcset=\"https:\/\/grossetulln.at\/wp-content\/uploads\/2019\/12\/IMG_20190510_184332-1024x768.jpg 1024w, https:\/\/grossetulln.at\/wp-content\/uploads\/2019\/12\/IMG_20190510_184332-300x225.jpg 300w, https:\/\/grossetulln.at\/wp-content\/uploads\/2019\/12\/IMG_20190510_184332-768x576.jpg 768w, https:\/\/grossetulln.at\/wp-content\/uploads\/2019\/12\/IMG_20190510_184332-1536x1152.jpg 1536w, https:\/\/grossetulln.at\/wp-content\/uploads\/2019\/12\/IMG_20190510_184332.jpg 2000w\" sizes=\"auto, (max-width: 1024px) 100vw, 1024px\" \/><figcaption class=\"wp-element-caption\"><em>Der Fischereiaus\u00fcbungsberechtigte hat diese sch\u00f6ne Barbe an den Haken bekommen.<\/em><\/figcaption><\/figure>\n\n\n\n<p>Im Herbst 2018 wurden im Schaubergerpark 2.100 eins\u00f6mmrige Nasen besetzt, um den Fisch bis zum R\u00fcckbau der Wanderhindernisse auch im oberen Revierabschnitt zu etablieren.<\/p>\n\n\n\n<figure class=\"wp-block-image size-large\"><img loading=\"lazy\" decoding=\"async\" width=\"1024\" height=\"678\" src=\"https:\/\/grossetulln.at\/wp-content\/uploads\/2019\/12\/DSC_1582-1024x678.jpg\" alt=\"\" class=\"wp-image-163\" srcset=\"https:\/\/grossetulln.at\/wp-content\/uploads\/2019\/12\/DSC_1582-1024x678.jpg 1024w, https:\/\/grossetulln.at\/wp-content\/uploads\/2019\/12\/DSC_1582-300x199.jpg 300w, https:\/\/grossetulln.at\/wp-content\/uploads\/2019\/12\/DSC_1582-768x509.jpg 768w, https:\/\/grossetulln.at\/wp-content\/uploads\/2019\/12\/DSC_1582-1536x1017.jpg 1536w, https:\/\/grossetulln.at\/wp-content\/uploads\/2019\/12\/DSC_1582-2048x1356.jpg 2048w\" sizes=\"auto, (max-width: 1024px) 100vw, 1024px\" \/><\/figure>\n\n\n\n<figure class=\"wp-block-image size-large\"><img loading=\"lazy\" decoding=\"async\" width=\"1024\" height=\"841\" src=\"https:\/\/grossetulln.at\/wp-content\/uploads\/2019\/12\/Bildschirmfoto-2019-03-18-um-14.17.59-1024x841.png\" alt=\"\" class=\"wp-image-161\" srcset=\"https:\/\/grossetulln.at\/wp-content\/uploads\/2019\/12\/Bildschirmfoto-2019-03-18-um-14.17.59-1024x841.png 1024w, https:\/\/grossetulln.at\/wp-content\/uploads\/2019\/12\/Bildschirmfoto-2019-03-18-um-14.17.59-300x246.png 300w, https:\/\/grossetulln.at\/wp-content\/uploads\/2019\/12\/Bildschirmfoto-2019-03-18-um-14.17.59-768x631.png 768w, https:\/\/grossetulln.at\/wp-content\/uploads\/2019\/12\/Bildschirmfoto-2019-03-18-um-14.17.59.png 1102w\" sizes=\"auto, (max-width: 1024px) 100vw, 1024px\" \/><\/figure>\n","protected":false},"excerpt":{"rendered":"<p>300 Kilo ma\u00dfiger Forellen pro Jahr sorgen f\u00fcr gute Entnahmeergebnisse. Feinspitze stellen aber auch listigeren Fischen nach, etwa der heiklen und seltenen \u201eNase&#8220;. 2019 ist f\u00fcr die Gro\u00dfe Tulln ein neues Zeitalter angebrochen. Durch die Entfernung zweier Wehranlagen im Unterlauf ist der untere Revierabschnitt bis Siegersdorf nun f\u00fcr Donaufische frei passierbar. Mit durchschlagendem Erfolg. Bereits [&hellip;]<\/p>\n","protected":false},"author":1,"featured_media":0,"parent":0,"menu_order":0,"comment_status":"closed","ping_status":"closed","template":"","meta":{"footnotes":""},"class_list":["post-50","page","type-page","status-publish","hentry"],"_links":{"self":[{"href":"https:\/\/grossetulln.at\/index.php\/wp-json\/wp\/v2\/pages\/50","targetHints":{"allow":["GET"]}}],"collection":[{"href":"https:\/\/grossetulln.at\/index.php\/wp-json\/wp\/v2\/pages"}],"about":[{"href":"https:\/\/grossetulln.at\/index.php\/wp-json\/wp\/v2\/types\/page"}],"author":[{"embeddable":true,"href":"https:\/\/grossetulln.at\/index.php\/wp-json\/wp\/v2\/users\/1"}],"replies":[{"embeddable":true,"href":"https:\/\/grossetulln.at\/index.php\/wp-json\/wp\/v2\/comments?post=50"}],"version-history":[{"count":15,"href":"https:\/\/grossetulln.at\/index.php\/wp-json\/wp\/v2\/pages\/50\/revisions"}],"predecessor-version":[{"id":762,"href":"https:\/\/grossetulln.at\/index.php\/wp-json\/wp\/v2\/pages\/50\/revisions\/762"}],"wp:attachment":[{"href":"https:\/\/grossetulln.at\/index.php\/wp-json\/wp\/v2\/media?parent=50"}],"curies":[{"name":"wp","href":"https:\/\/api.w.org\/{rel}","templated":true}]}}