{"id":51,"date":"2019-12-27T19:43:26","date_gmt":"2019-12-27T19:43:26","guid":{"rendered":"https:\/\/grossetulln.at\/?page_id=51"},"modified":"2022-01-20T07:32:53","modified_gmt":"2022-01-20T07:32:53","slug":"kontakt","status":"publish","type":"page","link":"https:\/\/grossetulln.at\/index.php\/kontakt\/","title":{"rendered":"Kontakt \/ Impressum"},"content":{"rendered":"\n<p>Fischereirevier Gro\u00dfe Tulln I\/1<\/p>\n\n\n\n<p>Fischereiaus\u00fcbungsberechtigter (2020 &#8211; 2029):<\/p>\n\n\n\n<p>Oswald Hicker<\/p>\n\n\n\n<p>Badstra\u00dfe 21<\/p>\n\n\n\n<p>3040 Neulengbach<\/p>\n\n\n\n<p><a href=\"mailto:o.hicker@kabsi.at\">o.hicker@kabsi.at<\/a><\/p>\n\n\n\n<p>Tel.: 0664 \/ 2555 488<\/p>\n\n\n\n<p>Konto: RB Wienerwald<\/p>\n\n\n\n<p>IBAN: AT44 3266 7000 0074 0043<\/p>\n\n\n\n<p>Der oben angef\u00fchrte Fischereiaus\u00fcbungsberechtigte ist f\u00fcr den Inhalt dieser Seite verantwortlich.<\/p>\n","protected":false},"excerpt":{"rendered":"<p>Fischereirevier Gro\u00dfe Tulln I\/1 Fischereiaus\u00fcbungsberechtigter (2020 &#8211; 2029): Oswald Hicker Badstra\u00dfe 21 3040 Neulengbach o.hicker@kabsi.at Tel.: 0664 \/ 2555 488 Konto: RB Wienerwald IBAN: AT44 3266 7000 0074 0043 Der oben angef\u00fchrte Fischereiaus\u00fcbungsberechtigte ist f\u00fcr den Inhalt dieser Seite verantwortlich.<\/p>\n","protected":false},"author":1,"featured_media":0,"parent":0,"menu_order":0,"comment_status":"closed","ping_status":"closed","template":"","meta":{"footnotes":""},"class_list":["post-51","page","type-page","status-publish","hentry"],"_links":{"self":[{"href":"https:\/\/grossetulln.at\/index.php\/wp-json\/wp\/v2\/pages\/51","targetHints":{"allow":["GET"]}}],"collection":[{"href":"https:\/\/grossetulln.at\/index.php\/wp-json\/wp\/v2\/pages"}],"about":[{"href":"https:\/\/grossetulln.at\/index.php\/wp-json\/wp\/v2\/types\/page"}],"author":[{"embeddable":true,"href":"https:\/\/grossetulln.at\/index.php\/wp-json\/wp\/v2\/users\/1"}],"replies":[{"embeddable":true,"href":"https:\/\/grossetulln.at\/index.php\/wp-json\/wp\/v2\/comments?post=51"}],"version-history":[{"count":7,"href":"https:\/\/grossetulln.at\/index.php\/wp-json\/wp\/v2\/pages\/51\/revisions"}],"predecessor-version":[{"id":698,"href":"https:\/\/grossetulln.at\/index.php\/wp-json\/wp\/v2\/pages\/51\/revisions\/698"}],"wp:attachment":[{"href":"https:\/\/grossetulln.at\/index.php\/wp-json\/wp\/v2\/media?parent=51"}],"curies":[{"name":"wp","href":"https:\/\/api.w.org\/{rel}","templated":true}]}}