{"id":72,"date":"2019-12-27T19:45:16","date_gmt":"2019-12-27T19:45:16","guid":{"rendered":"https:\/\/grossetulln.at\/index.php\/colibri-wp\/"},"modified":"2022-01-26T09:46:19","modified_gmt":"2022-01-26T09:46:19","slug":"colibri-wp","status":"publish","type":"page","link":"https:\/\/grossetulln.at\/","title":{"rendered":"Die Gro\u00dfe Tulln &#8211; Ein schlummerndes Juwel"},"content":{"rendered":"\n<figure class=\"wp-block-gallery columns-3 is-cropped wp-block-gallery-1 is-layout-flex wp-block-gallery-is-layout-flex\"><ul class=\"blocks-gallery-grid\"><li class=\"blocks-gallery-item\"><figure><img loading=\"lazy\" decoding=\"async\" width=\"1024\" height=\"768\" src=\"https:\/\/grossetulln.at\/wp-content\/uploads\/2019\/12\/Photo0330-1-1024x768.jpg\" alt=\"\" data-id=\"224\" data-full-url=\"https:\/\/grossetulln.at\/wp-content\/uploads\/2019\/12\/Photo0330-1.jpg\" data-link=\"https:\/\/grossetulln.at\/photo0330-2\/\" class=\"wp-image-224\" srcset=\"https:\/\/grossetulln.at\/wp-content\/uploads\/2019\/12\/Photo0330-1-1024x768.jpg 1024w, https:\/\/grossetulln.at\/wp-content\/uploads\/2019\/12\/Photo0330-1-300x225.jpg 300w, https:\/\/grossetulln.at\/wp-content\/uploads\/2019\/12\/Photo0330-1-768x576.jpg 768w, https:\/\/grossetulln.at\/wp-content\/uploads\/2019\/12\/Photo0330-1-1536x1152.jpg 1536w, https:\/\/grossetulln.at\/wp-content\/uploads\/2019\/12\/Photo0330-1.jpg 1600w\" sizes=\"auto, (max-width: 1024px) 100vw, 1024px\" \/><\/figure><\/li><li class=\"blocks-gallery-item\"><figure><img loading=\"lazy\" decoding=\"async\" width=\"1024\" height=\"768\" src=\"https:\/\/grossetulln.at\/wp-content\/uploads\/2019\/12\/Photo0106-1-1024x768.jpg\" alt=\"\" data-id=\"217\" data-full-url=\"https:\/\/grossetulln.at\/wp-content\/uploads\/2019\/12\/Photo0106-1.jpg\" data-link=\"https:\/\/grossetulln.at\/photo0106-2\/\" class=\"wp-image-217\" srcset=\"https:\/\/grossetulln.at\/wp-content\/uploads\/2019\/12\/Photo0106-1-1024x768.jpg 1024w, https:\/\/grossetulln.at\/wp-content\/uploads\/2019\/12\/Photo0106-1-300x225.jpg 300w, https:\/\/grossetulln.at\/wp-content\/uploads\/2019\/12\/Photo0106-1-768x576.jpg 768w, https:\/\/grossetulln.at\/wp-content\/uploads\/2019\/12\/Photo0106-1-1536x1152.jpg 1536w, https:\/\/grossetulln.at\/wp-content\/uploads\/2019\/12\/Photo0106-1.jpg 1600w\" sizes=\"auto, (max-width: 1024px) 100vw, 1024px\" \/><\/figure><\/li><li class=\"blocks-gallery-item\"><figure><img loading=\"lazy\" decoding=\"async\" width=\"1024\" height=\"768\" src=\"https:\/\/grossetulln.at\/wp-content\/uploads\/2019\/12\/Photo0146-1-1024x768.jpg\" alt=\"\" data-id=\"218\" data-full-url=\"https:\/\/grossetulln.at\/wp-content\/uploads\/2019\/12\/Photo0146-1.jpg\" data-link=\"https:\/\/grossetulln.at\/photo0146-2\/\" class=\"wp-image-218\" srcset=\"https:\/\/grossetulln.at\/wp-content\/uploads\/2019\/12\/Photo0146-1-1024x768.jpg 1024w, https:\/\/grossetulln.at\/wp-content\/uploads\/2019\/12\/Photo0146-1-300x225.jpg 300w, https:\/\/grossetulln.at\/wp-content\/uploads\/2019\/12\/Photo0146-1-768x576.jpg 768w, https:\/\/grossetulln.at\/wp-content\/uploads\/2019\/12\/Photo0146-1-1536x1152.jpg 1536w, https:\/\/grossetulln.at\/wp-content\/uploads\/2019\/12\/Photo0146-1.jpg 1600w\" sizes=\"auto, (max-width: 1024px) 100vw, 1024px\" \/><\/figure><\/li><li class=\"blocks-gallery-item\"><figure><img loading=\"lazy\" decoding=\"async\" width=\"1024\" height=\"509\" src=\"https:\/\/grossetulln.at\/wp-content\/uploads\/2019\/12\/cropped-DSC01136-1024x509.jpg\" alt=\"\" data-id=\"237\" data-full-url=\"https:\/\/grossetulln.at\/wp-content\/uploads\/2019\/12\/cropped-DSC01136.jpg\" data-link=\"https:\/\/grossetulln.at\/cropped-dsc01136-jpg\/\" class=\"wp-image-237\" srcset=\"https:\/\/grossetulln.at\/wp-content\/uploads\/2019\/12\/cropped-DSC01136-1024x509.jpg 1024w, https:\/\/grossetulln.at\/wp-content\/uploads\/2019\/12\/cropped-DSC01136-300x149.jpg 300w, https:\/\/grossetulln.at\/wp-content\/uploads\/2019\/12\/cropped-DSC01136-768x381.jpg 768w, https:\/\/grossetulln.at\/wp-content\/uploads\/2019\/12\/cropped-DSC01136.jpg 1500w\" sizes=\"auto, (max-width: 1024px) 100vw, 1024px\" \/><\/figure><\/li><\/ul><\/figure>\n\n\n\n<h3 class=\"wp-block-heading\">News aus dem Revier<\/h3>\n\n\n<ul class=\"wp-block-latest-posts__list wp-block-latest-posts\"><li><a class=\"wp-block-latest-posts__post-title\" href=\"https:\/\/grossetulln.at\/index.php\/2026\/03\/02\/809\/\">2026: Laicherfolge, harte Arbeit und Lizenzen<\/a><\/li>\n<li><a class=\"wp-block-latest-posts__post-title\" href=\"https:\/\/grossetulln.at\/index.php\/2025\/03\/06\/revierinformationen-saison-2025\/\">Revierinformationen Saison 2025 &#8211; Mythos Wienerwaldforelle &#8211; die Legende lebt!<\/a><\/li>\n<li><a class=\"wp-block-latest-posts__post-title\" href=\"https:\/\/grossetulln.at\/index.php\/2023\/03\/27\/wenn-sich-die-nasen-lieben-naturschauspiel-im-tullnerfeld\/\">Wenn sich die Nasen Lieben: Naturschauspiel im Tullnerfeld<\/a><\/li>\n<li><a class=\"wp-block-latest-posts__post-title\" href=\"https:\/\/grossetulln.at\/index.php\/2022\/12\/20\/aeschen-otter-fischrettungen-umweltschutz-und-dicke-forellen-das-war-2022-im-revier\/\">\u00c4schen, Otter, Fischrettungen, Umweltschutz und dicke Forellen: Das war 2022 im Revier<\/a><\/li>\n<li><a class=\"wp-block-latest-posts__post-title\" href=\"https:\/\/grossetulln.at\/index.php\/2022\/12\/20\/sensation-aufzucht-von-aeschen-im-revier-erfolgreich\/\">Sensation: Aufzucht von \u00c4schen im Revier erfolgreich<\/a><\/li>\n<\/ul>\n\n\n<h3 class=\"wp-block-heading\">Allgemeines zum Revier<\/h3>\n\n\n\n<p>Die Gro\u00dfe Tulln entspringt als&nbsp;Laabenbach&nbsp;am Pass&nbsp;<a href=\"https:\/\/de.wikipedia.org\/wiki\/Klammh%C3%B6he\" target=\"_blank\" rel=\"noreferrer noopener\" aria-label=\" (\u00f6ffnet in neuem Tab)\">Klammh\u00f6he<\/a>&nbsp;im S\u00fcdosten des&nbsp;<a href=\"https:\/\/de.wikipedia.org\/wiki\/Bezirk_Sankt_P%C3%B6lten-Land\" target=\"_blank\" rel=\"noreferrer noopener\" aria-label=\" (\u00f6ffnet in neuem Tab)\">Bezirks St.&nbsp;P\u00f6lten<\/a>&nbsp;und flie\u00dft am Fu\u00df des&nbsp;<a href=\"https:\/\/de.wikipedia.org\/wiki\/Sch%C3%B6pfl\" target=\"_blank\" rel=\"noreferrer noopener\" aria-label=\" (\u00f6ffnet in neuem Tab)\">Sch\u00f6pfls<\/a>&nbsp;nach Norden \u00fcber&nbsp;<a href=\"https:\/\/de.wikipedia.org\/wiki\/Neulengbach\" target=\"_blank\" rel=\"noreferrer noopener\" aria-label=\" (\u00f6ffnet in neuem Tab)\">Neulengbach<\/a>&nbsp;(wo sie ab der Einm\u00fcndung des Anzbaches Gro\u00dfe Tulln hei\u00dft, bis sie nach insgesamt circa 40&nbsp;km \u00f6stlich der&nbsp;<a href=\"https:\/\/de.wikipedia.org\/wiki\/Rosenbr%C3%BCcke\" target=\"_blank\" rel=\"noreferrer noopener\" aria-label=\" (\u00f6ffnet in neuem Tab)\">Rosenbr\u00fccke<\/a>&nbsp;bei&nbsp;<a href=\"https:\/\/de.wikipedia.org\/wiki\/Tulln_an_der_Donau\" target=\"_blank\" rel=\"noreferrer noopener\" aria-label=\" (\u00f6ffnet in neuem Tab)\">Tulln<\/a>&nbsp;im&nbsp;<a href=\"https:\/\/de.wikipedia.org\/wiki\/Bezirk_Tulln\" target=\"_blank\" rel=\"noreferrer noopener\" aria-label=\" (\u00f6ffnet in neuem Tab)\">Bezirk Tulln<\/a>&nbsp;in die&nbsp;<a href=\"https:\/\/de.wikipedia.org\/wiki\/Donau\" target=\"_blank\" rel=\"noreferrer noopener\" aria-label=\" (\u00f6ffnet in neuem Tab)\">Donau<\/a>&nbsp;m\u00fcndet (177&nbsp;<abbr title=\"Meter \u00fcber Adria\">m&nbsp;\u00fc.&nbsp;A.<\/abbr>).Die Gro\u00dfe Tulln stellt die Westgrenze des&nbsp;<a href=\"https:\/\/de.wikipedia.org\/wiki\/Wienerwald\" target=\"_blank\" rel=\"noreferrer noopener\" aria-label=\" (\u00f6ffnet in neuem Tab)\">Wienerwalds<\/a>&nbsp;im engeren Sinne dar.<\/p>\n\n\n\n<p><strong>25 Kilometer Fischwasser vor den Toren Wiens.<\/strong> Das Fischerreirevier Gro\u00dfe Tulln I\/1 erstreckt sich \u00fcber 25 Kilometer befischbare Strecke von der Glash\u00fctte bei Laaben bis Plankenberg. Im oberen Abschnitt ist es ein reines Salmonidenwasser mit den Leitarten Koppe und Bachforelle. Hier finden Fliegenfischer noch autochtone Wienerwald-St\u00e4mme der Bachforelle, die sich \u00fcber die Jahrtausende perfekt an die Bedingungen angepasst haben.<\/p>\n\n\n\n<figure class=\"wp-block-image size-large\"><img loading=\"lazy\" decoding=\"async\" width=\"1024\" height=\"492\" src=\"https:\/\/grossetulln.at\/wp-content\/uploads\/2019\/12\/cropped-Photo0182-1-1024x492.jpg\" alt=\"\" class=\"wp-image-235\" srcset=\"https:\/\/grossetulln.at\/wp-content\/uploads\/2019\/12\/cropped-Photo0182-1-1024x492.jpg 1024w, https:\/\/grossetulln.at\/wp-content\/uploads\/2019\/12\/cropped-Photo0182-1-300x144.jpg 300w, https:\/\/grossetulln.at\/wp-content\/uploads\/2019\/12\/cropped-Photo0182-1-768x369.jpg 768w, https:\/\/grossetulln.at\/wp-content\/uploads\/2019\/12\/cropped-Photo0182-1-1536x738.jpg 1536w, https:\/\/grossetulln.at\/wp-content\/uploads\/2019\/12\/cropped-Photo0182-1.jpg 1600w\" sizes=\"auto, (max-width: 1024px) 100vw, 1024px\" \/><figcaption><em>Prachtexemplar einer heimischen \u201eWienerwald-Forelle&#8220;. Kleine Punkte, leicht gelblicher Bauch &#8211; Perfekt an die Bedingungen angepasst.<\/em><\/figcaption><\/figure>\n\n\n\n<p>Ab St. Christophen gesellen sich Barben und die Leitart D\u00f6bel (regionale Bezeichnung Aitel) dazu. Ein untersch\u00e4tztes Vergn\u00fcgen ist neben dem Spinnen auf Bach- und Regenbogenforellen hier das <a href=\"https:\/\/grossetulln.at\/index.php\/der-aitel-ein-schwerst-unterschaetzter-fisch\/\">Stoppelfischen auf den Aitel<\/a>. Mit Kirsche oder Brot, mit der Station\u00e4rrolle oder britisch mit der \u201eCentrepin&#8220; &#8211; hier bei\u00dfen kapitale Tiere mit \u00fcber 50 Zentimetern Gr\u00f6\u00dfe. <\/p>\n\n\n\n<figure class=\"wp-block-image size-large\"><img loading=\"lazy\" decoding=\"async\" width=\"1024\" height=\"768\" src=\"https:\/\/grossetulln.at\/wp-content\/uploads\/2019\/12\/Photo0570-1-1024x768.jpg\" alt=\"\" class=\"wp-image-228\" srcset=\"https:\/\/grossetulln.at\/wp-content\/uploads\/2019\/12\/Photo0570-1-1024x768.jpg 1024w, https:\/\/grossetulln.at\/wp-content\/uploads\/2019\/12\/Photo0570-1-300x225.jpg 300w, https:\/\/grossetulln.at\/wp-content\/uploads\/2019\/12\/Photo0570-1-768x576.jpg 768w, https:\/\/grossetulln.at\/wp-content\/uploads\/2019\/12\/Photo0570-1-1536x1152.jpg 1536w, https:\/\/grossetulln.at\/wp-content\/uploads\/2019\/12\/Photo0570-1.jpg 1600w\" sizes=\"auto, (max-width: 1024px) 100vw, 1024px\" \/><figcaption><em>Stoppelfischen auf den Aitel. Gerne auch britisch mit Bambusrute und \u201eCentrepin&#8220;.<\/em><\/figcaption><\/figure>\n\n\n\n<p>Der unterste Revierabschnitt von Plankenberg aufw\u00e4rts bis zuhistorischen Wehr in Asperhofen ist seit 2019 von der Donau frei f\u00fcr wandernde Fische passierbar. <a href=\"https:\/\/grossetulln.at\/index.php\/2019\/12\/29\/nasen-alarm-seltene-fische-kehren-in-die-tulln-zurueck\/\">Schw\u00e4rme an Nasen und Barben sind seither zugewandert<\/a>. Auch Hecht und Barsch sind inzwischen in diesem Abschnitt wieder heimisch. Hier ist neben den oben erw\u00e4hnten Fischarten auch das Grundangeln auf Barben oder Nasen sowie das Spinnen mittels Gummifisch auf R\u00e4uber m\u00f6glich.<\/p>\n\n\n\n<figure class=\"wp-block-image\"><img loading=\"lazy\" decoding=\"async\" width=\"2000\" height=\"1500\" src=\"https:\/\/grossetulln.at\/wp-content\/uploads\/2019\/12\/IMG_20190510_184332.jpg\" alt=\"\" class=\"wp-image-261\" srcset=\"https:\/\/grossetulln.at\/wp-content\/uploads\/2019\/12\/IMG_20190510_184332.jpg 2000w, https:\/\/grossetulln.at\/wp-content\/uploads\/2019\/12\/IMG_20190510_184332-300x225.jpg 300w, https:\/\/grossetulln.at\/wp-content\/uploads\/2019\/12\/IMG_20190510_184332-1024x768.jpg 1024w, https:\/\/grossetulln.at\/wp-content\/uploads\/2019\/12\/IMG_20190510_184332-768x576.jpg 768w, https:\/\/grossetulln.at\/wp-content\/uploads\/2019\/12\/IMG_20190510_184332-1536x1152.jpg 1536w\" sizes=\"auto, (max-width: 2000px) 100vw, 2000px\" \/><figcaption><em>Fiel auf den alten K\u00e4se-Trick herein: Dicke Barbe mit Feederrute &#8211; ein 1a-Drill.<\/em><\/figcaption><\/figure>\n\n\n\n<p><strong>Schongebiet f\u00fcr Wienerwald-Bachforellen. <\/strong>Der Gr\u00f6\u00dfte Zubringer der Gro\u00dfen Tulln ist der Anzbach. Der&nbsp;<strong>Anzbach<\/strong>&nbsp;ist ein Wienerwaldbach, der ziemlich genau in Ost-West-Richtung flie\u00dft. Er entspringt bei Rekawinkel am Zwickelberg (an dem auch ein Quellbach der <a href=\"https:\/\/de.wikipedia.org\/wiki\/Wienfluss\">Wien <\/a>entspringt) und durchflie\u00dft&nbsp;<a href=\"https:\/\/de.wikipedia.org\/wiki\/Eichgraben\">Eichgraben<\/a>,&nbsp;<a href=\"https:\/\/de.wikipedia.org\/wiki\/Maria-Anzbach\">Maria-Anzbach<\/a>&nbsp;und&nbsp;<a href=\"https:\/\/de.wikipedia.org\/wiki\/Neulengbach\">Neulengbach<\/a>&nbsp;und m\u00fcndet dort in den Laabenbach. Der Anzbach w\u00e4re an sich befischbar, ist aber wie alle anderen Zubringer im Revier Schongebiet f\u00fcr den autochtonen Stamm der Bachforellen.<\/p>\n\n\n\n<p><strong>Fischer schaffen Lebensraum im geschundenen Fluss.<\/strong> Die Gro\u00dfe Tulln durchflie\u00dft eine Kulturlandschaft und ist meist hart reguliert. Im Herzen des Reviers befindet sich der Schaubergerpark, ein St\u00fcck unregulierter Au. Hier zeigt sich das Potenzial dieses Flusses: Kiesb\u00e4nke, Kolke und Totholzstrukturen stellen einen unvergleichlichen Lebensraum dar. Der Fischereiaus\u00fcbungsberechtigte sieht es als oberstes Ziel an, auch die <a href=\"https:\/\/grossetulln.at\/index.php\/renaturierung\/\">stark regulierten Flussabschnitte wieder etwas naturn\u00e4her zu gestalten<\/a>. Ziel des Bewirtschafters ist, etwaige Gewinne aus dem Verkauf von Lizenzen in Renaturierungsprojekte zu investieren. <a href=\"https:\/\/grossetulln.at\/index.php\/2019\/12\/29\/neue-haeuser-fuer-fische-angler-schaffen-lebensraum\/\">Ein erstes Projekt<\/a> konnte mit Eigenmitteln und F\u00f6rderungen des N\u00d6-Landesfischereiverbandes in Plankenberg umgesetzt werden. Hier strukturieren seit Herbst 2019 Steinbuhnen das regulierte Flussbett und schaffen so eine Kolk-Furt-Struktur, der vielen Fischarten als Lebensraum dient.<\/p>\n\n\n\n<figure class=\"wp-block-image size-large\"><img loading=\"lazy\" decoding=\"async\" width=\"1024\" height=\"683\" src=\"https:\/\/grossetulln.at\/wp-content\/uploads\/2019\/12\/DSC02949-1024x683.jpg\" alt=\"\" class=\"wp-image-182\" srcset=\"https:\/\/grossetulln.at\/wp-content\/uploads\/2019\/12\/DSC02949-1024x683.jpg 1024w, https:\/\/grossetulln.at\/wp-content\/uploads\/2019\/12\/DSC02949-300x200.jpg 300w, https:\/\/grossetulln.at\/wp-content\/uploads\/2019\/12\/DSC02949-768x512.jpg 768w, https:\/\/grossetulln.at\/wp-content\/uploads\/2019\/12\/DSC02949.jpg 1500w\" sizes=\"auto, (max-width: 1024px) 100vw, 1024px\" \/><figcaption><em>Errichtung von Steinbuhnen bei Plankenberg im Herbst 2019.<\/em><\/figcaption><\/figure>\n\n\n\n<p><strong>Einziger Fluss ohne Wasserrecht birgt enormes Potenzial.<\/strong> Die Gro\u00dfe Tulln hat unter den mittleren und gro\u00dfen Fl\u00fcssen Nieder\u00f6sterreichs ein Alleinstellungsmerkmal. Sie ist der einzige Fluss, auf dem von der Quelle bis zur M\u00fcndung kein Wasserrecht mehr existiert. Das bedeutet, dass der Flusslauf auf der gesamten L\u00e4nge ohne Restwasserstrecken und Ausleitungen f\u00fcr die Fische passierbar gemacht werden kann. Derzeit existieren im Mittellauf noch sieben Querbauwerke, die nach und nach im Zuge der Wasserrahmenrichtlinie r\u00fcckgebaut werden.<\/p>\n\n\n\n<p>Le<strong>icht erreichbar zur Lizenz. <\/strong>Das Fischerreirevier Gro\u00dfe Tulln I\/1 ist leicht \u00fcber die A1 erreichbar. Die Abfahrten Altlengbach und St. Christophen befinden sich direkt am Revier. Mit der alten Westbahn erreicht man ab Westbahnhof in 34 Minuten die Station Neulengbach Stadt. Von hier sind es kaum zwei Minuten bis zum Wasser. <a href=\"https:\/\/grossetulln.at\/index.php\/lizenzen\/\">Jahreslizenzen und Tageslizenzen<\/a> sind erh\u00e4ltlich. Mit jeder Lizenz werden Projekte zur Renaturierung unterst\u00fctzt.<\/p>\n\n\n\n<figure class=\"wp-block-image\"><img loading=\"lazy\" decoding=\"async\" width=\"1600\" height=\"784\" src=\"https:\/\/grossetulln.at\/wp-content\/uploads\/2019\/12\/cropped-Photo0294-1.jpg\" alt=\"\" class=\"wp-image-236\" srcset=\"https:\/\/grossetulln.at\/wp-content\/uploads\/2019\/12\/cropped-Photo0294-1.jpg 1600w, https:\/\/grossetulln.at\/wp-content\/uploads\/2019\/12\/cropped-Photo0294-1-300x147.jpg 300w, https:\/\/grossetulln.at\/wp-content\/uploads\/2019\/12\/cropped-Photo0294-1-1024x502.jpg 1024w, https:\/\/grossetulln.at\/wp-content\/uploads\/2019\/12\/cropped-Photo0294-1-768x376.jpg 768w, https:\/\/grossetulln.at\/wp-content\/uploads\/2019\/12\/cropped-Photo0294-1-1536x753.jpg 1536w\" sizes=\"auto, (max-width: 1600px) 100vw, 1600px\" \/><figcaption><em>Mitten in der Stadt, zwei Minuten von der Westbahn. Die Reviermitte.<\/em><\/figcaption><\/figure>\n\n\n\n<p><strong>Begeisterung schafft Allianzen f\u00fcr den Fluss.<\/strong> Die Fischereisaison beginnt am 16. M\u00e4rz und endet am 30. November. Zwischen Weihnachten und Neujahr ist der unterste Revierabschnitt zum Altjahresangeln ge\u00f6ffnet. Ziel der Bewirtschaftung ist es auch, Interessierte vom Potenzial dieses Flusses zu begeistern. Deswegen w\u00fcrde ich mich freuen, Interessierten dieses Revier auch pers\u00f6nlich n\u00e4herzubringen. Sei es mit Wanderungen oder mit begleitenden &#8222;Guiding&#8220; beim Angeln am Wochenende. Anfragen bitte an o.hicker@kabsi.at.<\/p>\n","protected":false},"excerpt":{"rendered":"<p>News aus dem Revier Allgemeines zum Revier Die Gro\u00dfe Tulln entspringt als&nbsp;Laabenbach&nbsp;am Pass&nbsp;Klammh\u00f6he&nbsp;im S\u00fcdosten des&nbsp;Bezirks St.&nbsp;P\u00f6lten&nbsp;und flie\u00dft am Fu\u00df des&nbsp;Sch\u00f6pfls&nbsp;nach Norden \u00fcber&nbsp;Neulengbach&nbsp;(wo sie ab der Einm\u00fcndung des Anzbaches Gro\u00dfe Tulln hei\u00dft, bis sie nach insgesamt circa 40&nbsp;km \u00f6stlich der&nbsp;Rosenbr\u00fccke&nbsp;bei&nbsp;Tulln&nbsp;im&nbsp;Bezirk Tulln&nbsp;in die&nbsp;Donau&nbsp;m\u00fcndet (177&nbsp;m&nbsp;\u00fc.&nbsp;A.).Die Gro\u00dfe Tulln stellt die Westgrenze des&nbsp;Wienerwalds&nbsp;im engeren Sinne dar. 25 Kilometer Fischwasser vor [&hellip;]<\/p>\n","protected":false},"author":1,"featured_media":0,"parent":0,"menu_order":0,"comment_status":"closed","ping_status":"closed","template":"","meta":{"footnotes":""},"class_list":["post-72","page","type-page","status-publish","hentry"],"_links":{"self":[{"href":"https:\/\/grossetulln.at\/index.php\/wp-json\/wp\/v2\/pages\/72","targetHints":{"allow":["GET"]}}],"collection":[{"href":"https:\/\/grossetulln.at\/index.php\/wp-json\/wp\/v2\/pages"}],"about":[{"href":"https:\/\/grossetulln.at\/index.php\/wp-json\/wp\/v2\/types\/page"}],"author":[{"embeddable":true,"href":"https:\/\/grossetulln.at\/index.php\/wp-json\/wp\/v2\/users\/1"}],"replies":[{"embeddable":true,"href":"https:\/\/grossetulln.at\/index.php\/wp-json\/wp\/v2\/comments?post=72"}],"version-history":[{"count":27,"href":"https:\/\/grossetulln.at\/index.php\/wp-json\/wp\/v2\/pages\/72\/revisions"}],"predecessor-version":[{"id":699,"href":"https:\/\/grossetulln.at\/index.php\/wp-json\/wp\/v2\/pages\/72\/revisions\/699"}],"wp:attachment":[{"href":"https:\/\/grossetulln.at\/index.php\/wp-json\/wp\/v2\/media?parent=72"}],"curies":[{"name":"wp","href":"https:\/\/api.w.org\/{rel}","templated":true}]}}